{"id":3929,"date":"2024-11-26T19:26:48","date_gmt":"2024-11-26T18:26:48","guid":{"rendered":"https:\/\/www.afs-meppen.de\/?page_id=3929"},"modified":"2024-11-27T10:46:22","modified_gmt":"2024-11-27T09:46:22","slug":"kooperationspartner","status":"publish","type":"page","link":"https:\/\/www.afs-meppen.de\/?page_id=3929","title":{"rendered":"Kooperationspartner"},"content":{"rendered":"<p>Kooperationen\u00a0von\u00a0Unternehmen\u00a0mit\u00a0Schulen sind das beste Mittel gegen sogenannte Nachwuchssorgen. Als Unternehmen m\u00f6chte man nat\u00fcrlich junge Menschen f\u00fcr eine Ausbildung oder einen Beruf gewinnen und als Schule m\u00f6chte man seinen Sch\u00fclerinnen und Sch\u00fclern m\u00f6glichst viele Einblicke in verschiedene Berufe und Unternehmen erm\u00f6glichen. Daher freuen wir uns, dass wir als Anne-Frank-Schule mit so kompetenten Kooperationspartnern zusammenarbeiten d\u00fcrfen.<\/p>\n<ul>\n<li>\n<h3>Hedelius<\/h3>\n<\/li>\n<li>\n<h3>Bergmann<\/h3>\n<\/li>\n<li>\n<h3>Covestro<\/h3>\n<\/li>\n<li>\n<h3>Rothk\u00f6tter<\/h3>\n<p><div id='gallery-1' class='gallery galleryid-3929 gallery-columns-3 gallery-size-thumbnail'><figure class='gallery-item'>\n\t\t\t<div class='gallery-icon landscape'>\n\t\t\t\t<a href='https:\/\/www.afs-meppen.de\/?attachment_id=3888'><img width=\"150\" height=\"150\" src=\"https:\/\/www.afs-meppen.de\/wp-content\/uploads\/2024\/09\/WhatsApp-Image-2024-09-26-at-21.53.11-150x150.jpeg\" class=\"attachment-thumbnail size-thumbnail\" alt=\"\" loading=\"lazy\" aria-describedby=\"gallery-1-3888\" \/><\/a>\n\t\t\t<\/div>\n\t\t\t\t<figcaption class='wp-caption-text gallery-caption' id='gallery-1-3888'>\n\t\t\t\tBild 1\n\t\t\t\t<\/figcaption><\/figure><figure class='gallery-item'>\n\t\t\t<div class='gallery-icon portrait'>\n\t\t\t\t<a href='https:\/\/www.afs-meppen.de\/?attachment_id=3829'><img width=\"150\" height=\"150\" src=\"https:\/\/www.afs-meppen.de\/wp-content\/uploads\/2024\/06\/IMG-20240611-WA0000-150x150.jpg\" class=\"attachment-thumbnail size-thumbnail\" alt=\"\" loading=\"lazy\" aria-describedby=\"gallery-1-3829\" \/><\/a>\n\t\t\t<\/div>\n\t\t\t\t<figcaption class='wp-caption-text gallery-caption' id='gallery-1-3829'>\n\t\t\t\tBild 2\n\t\t\t\t<\/figcaption><\/figure><figure class='gallery-item'>\n\t\t\t<div class='gallery-icon portrait'>\n\t\t\t\t<a href='https:\/\/www.afs-meppen.de\/?attachment_id=3813'><img width=\"150\" height=\"150\" src=\"https:\/\/www.afs-meppen.de\/wp-content\/uploads\/2024\/06\/Rot1-150x150.jpg\" class=\"attachment-thumbnail size-thumbnail\" alt=\"\" loading=\"lazy\" aria-describedby=\"gallery-1-3813\" \/><\/a>\n\t\t\t<\/div>\n\t\t\t\t<figcaption class='wp-caption-text gallery-caption' id='gallery-1-3813'>\n\t\t\t\tBild 3\n\t\t\t\t<\/figcaption><\/figure>\n\t\t<\/div>\n<\/li>\n<\/ul>\n","protected":false},"excerpt":{"rendered":"<p>Kooperationen\u00a0von\u00a0Unternehmen\u00a0mit\u00a0Schulen sind das beste Mittel gegen sogenannte Nachwuchssorgen. Als Unternehmen m\u00f6chte man nat\u00fcrlich junge Menschen f\u00fcr eine Ausbildung oder einen Beruf gewinnen und als Schule m\u00f6chte man seinen Sch\u00fclerinnen und Sch\u00fclern m\u00f6glichst viele Einblicke in verschiedene Berufe und Unternehmen erm\u00f6glichen. <a href=\"https:\/\/www.afs-meppen.de\/?page_id=3929\" class=\"read-more\">Weiterlesen &#8230;<\/a><\/p>\n","protected":false},"author":1,"featured_media":0,"parent":0,"menu_order":0,"comment_status":"closed","ping_status":"closed","template":"","meta":[],"_links":{"self":[{"href":"https:\/\/www.afs-meppen.de\/index.php?rest_route=\/wp\/v2\/pages\/3929"}],"collection":[{"href":"https:\/\/www.afs-meppen.de\/index.php?rest_route=\/wp\/v2\/pages"}],"about":[{"href":"https:\/\/www.afs-meppen.de\/index.php?rest_route=\/wp\/v2\/types\/page"}],"author":[{"embeddable":true,"href":"https:\/\/www.afs-meppen.de\/index.php?rest_route=\/wp\/v2\/users\/1"}],"replies":[{"embeddable":true,"href":"https:\/\/www.afs-meppen.de\/index.php?rest_route=%2Fwp%2Fv2%2Fcomments&post=3929"}],"version-history":[{"count":3,"href":"https:\/\/www.afs-meppen.de\/index.php?rest_route=\/wp\/v2\/pages\/3929\/revisions"}],"predecessor-version":[{"id":3944,"href":"https:\/\/www.afs-meppen.de\/index.php?rest_route=\/wp\/v2\/pages\/3929\/revisions\/3944"}],"wp:attachment":[{"href":"https:\/\/www.afs-meppen.de\/index.php?rest_route=%2Fwp%2Fv2%2Fmedia&parent=3929"}],"curies":[{"name":"wp","href":"https:\/\/api.w.org\/{rel}","templated":true}]}}