{"id":27,"date":"2016-04-05T14:51:26","date_gmt":"2016-04-05T12:51:26","guid":{"rendered":"http:\/\/www.afs-meppen.de\/?page_id=27"},"modified":"2026-04-28T10:30:14","modified_gmt":"2026-04-28T08:30:14","slug":"downloads","status":"publish","type":"page","link":"https:\/\/www.afs-meppen.de\/?page_id=27","title":{"rendered":"Downloads"},"content":{"rendered":"<p>Hier finden Sie Downloads zu den verschiedensten Themen rund um den Schulalltag.<\/p>\n<p>Klicken Sie auf einen Link um das Dokument in Ihrem Browser anzuzeigen. Wenn Sie das Dokument herunterladen m\u00f6chten, klicken Sie mit der rechten Maustaste auf den Link, und w\u00e4hlen anschlie\u00dfend &#8222;Speichern unter&#8220;<\/p>\n<p style=\"text-align: left;\"><span style=\"text-decoration: underline;\">Anmeldungen:<\/span><\/p>\n<ul>\n<li>Anmeldeunterlagen Kl. 5 2026 2027 werden aktualisiert<\/li>\n<li><a href=\"https:\/\/www.afs-meppen.de\/wp-content\/uploads\/2025\/02\/Anmeldeunterlagen-Kl.-5-2025-2026.pdf\">Anmeldeunterlagen Kl. 5 2025 2026<\/a><\/li>\n<li><a href=\"https:\/\/www.afs-meppen.de\/wp-content\/uploads\/2024\/09\/Anmeldeunterlagen-Kl.-6-10.pdf\">Anmeldeunterlagen Kl. 6-10<\/a><\/li>\n<li><a href=\"https:\/\/www.afs-meppen.de\/wp-content\/uploads\/2025\/01\/Ganztagsprogramm-Homepage-2025-fertig-Vanessa.pdf\">Ganztagsprogramm<\/a><\/li>\n<li><a href=\"https:\/\/www.afs-meppen.de\/wp-content\/uploads\/2025\/06\/Ganztagsprogramm-Homepage-25-26.odt\">Ganztagsprogramm 25-26 (gilt nach den Sommerferien)<\/a><\/li>\n<\/ul>\n<p><span style=\"text-decoration: underline;\">Schulbuchausleihe und -listen 2025\/26:<\/span><\/p>\n<ul>\n<li><a href=\"https:\/\/www.afs-meppen.de\/wp-content\/uploads\/2025\/05\/2025-2026-Elternbrief-Schulbuchausleihe.docx\">2025 2026 Elternbrief &#8211; Schulbuchausleihe<\/a><\/li>\n<li><a href=\"https:\/\/www.afs-meppen.de\/wp-content\/uploads\/2025\/05\/Kl.-10-RS-Buecherliste-2025-2026.pdf\">Kl. 10 RS B\u00fccherliste 2025 2026<\/a><\/li>\n<li><a href=\"https:\/\/www.afs-meppen.de\/wp-content\/uploads\/2025\/05\/Kl.-10-HS-Buecherliste-2025-2026.pdf\">Kl. 10 HS B\u00fccherliste 2025 2026<\/a><\/li>\n<li><a href=\"https:\/\/www.afs-meppen.de\/wp-content\/uploads\/2025\/05\/Kl.-9-RS-Buecherliste-2025-2026.pdf\">Kl. 9 RS B\u00fccherliste 2025 2026<\/a><\/li>\n<li><a href=\"https:\/\/www.afs-meppen.de\/wp-content\/uploads\/2025\/05\/Kl-9-HS-Buecherliste-2025-2026.pdf\">Kl 9 HS B\u00fccherliste 2025 2026<\/a><\/li>\n<li><a href=\"https:\/\/www.afs-meppen.de\/wp-content\/uploads\/2025\/05\/Kl.-8-RS-Buecherliste-2025-2026.pdf\">Kl. 8 RS B\u00fccherliste 2025 2026<\/a><\/li>\n<li><a href=\"https:\/\/www.afs-meppen.de\/wp-content\/uploads\/2025\/05\/Kl.-8-HS-Buecherliste-2025-2026.pdf\">Kl. 8 HS B\u00fccherliste 2025 2026<\/a><\/li>\n<li>Kl. 7 B\u00fccherliste 2026 2027 folgt<\/li>\n<li>Kl. 6 B\u00fccherliste 2026 2027 folgt<\/li>\n<li>Kl. 5 B\u00fccherliste 2026 2027 folgt<\/li>\n<\/ul>\n<p><em>Die Listen f\u00fcr das Schuljahr 2026\/27 erhalten Sie im Sekretariat.<\/em><\/p>\n<p><span style=\"text-decoration: underline;\">Zweite Fremdsprache\/WPK-Wahl:<\/span><\/p>\n<ul>\n<li><a href=\"https:\/\/www.afs-meppen.de\/wp-content\/uploads\/2021\/06\/Informationen-Wahl-2.-Fremdsprache-WPK-202121.pdf\">Informationen Wahl 2. Fremdsprache + WPK <\/a><\/li>\n<li><a href=\"https:\/\/www.afs-meppen.de\/wp-content\/uploads\/2022\/06\/Anmeldung-WPK-zweite-Fremdsprache-Jg-5.pdf\">Anmeldung WPK zweite Fremdsprache Jg 5<\/a><\/li>\n<\/ul>\n<p><span style=\"text-decoration: underline;\">Profilwahl:<\/span><\/p>\n<ul>\n<li><a href=\"http:\/\/www.afs-meppen.de\/wp-content\/uploads\/2016\/04\/Anmeldung-zur-Profil-Wahl-Kl-9-RS.pdf\">Anmeldung-zur-Profilwahl-Klasse-9<\/a><\/li>\n<li><a href=\"https:\/\/www.afs-meppen.de\/wp-content\/uploads\/2022\/06\/praesentation-Wahl-des-Profilfaches-Klasse-8-2022.ppt\">Profilwahl Klasse 8 &#8211; Informationspr\u00e4sentation<\/a><\/li>\n<\/ul>\n<p><span style=\"text-decoration: underline;\">Berufsorientierung:<\/span><\/p>\n<ul>\n<li><a href=\"https:\/\/www.afs-meppen.de\/wp-content\/uploads\/2022\/09\/Flyer-Anne-Frank-Oberschule-Meppen.pdf\">Berufsberatung Anne Frank Oberschule Meppen<\/a><\/li>\n<\/ul>\n<p><span style=\"text-decoration: underline;\">F\u00f6rderverein:<\/span><\/p>\n<ul>\n<li><a href=\"http:\/\/www.afs-meppen.de\/wp-content\/uploads\/2016\/04\/Foerderverein_Satzung.pdf\" target=\"_blank\" rel=\"noopener noreferrer\">F\u00f6rderverein Satzung<\/a><\/li>\n<li><a href=\"https:\/\/www.afs-meppen.de\/wp-content\/uploads\/2024\/03\/Anmeldung-Foerderkreis-Anne-Frank-Schule.pdf\">Anmeldung F\u00f6rderkreis Anne Frank Schule<\/a><\/li>\n<\/ul>\n<p><span style=\"text-decoration: underline;\">Datenschutz:<\/span><\/p>\n<ul>\n<li><a href=\"http:\/\/www.afs-meppen.de\/wp-content\/uploads\/2016\/04\/Elternbrief-Datenschutz-Informationsblatt-1-1.pdf\">Elternbrief-Datenschutz-Informationsblatt<\/a><\/li>\n<li><a href=\"https:\/\/www.afs-meppen.de\/wp-content\/uploads\/2023\/08\/VVT-fuer-Betroffene-innerhalb-des-Dienstes-an-der-AFS-1.pdf\">VVT f\u00fcr Betroffene innerhalb des Dienstes an der AFS<\/a><\/li>\n<li><a href=\"https:\/\/www.afs-meppen.de\/wp-content\/uploads\/2023\/08\/VVT-fuer-Betroffene-ausserhalb-des-Dienstes-an-der-AFS.pdf\">VVT f\u00fcr Betroffene au\u00dferhalb des Dienstes an der AFS<\/a><\/li>\n<li><a href=\"https:\/\/www.afs-meppen.de\/wp-content\/uploads\/2023\/08\/Datenschutzzkonzept-AFS.pdf\">Datenschutzzkonzept AFS<\/a><\/li>\n<li><a href=\"http:\/\/www.afs-meppen.de\/wp-content\/uploads\/2016\/04\/\u00dcbersicht-Verarbeitung-personenbezogener-Daten.pdf\">Uebersicht-Verarbeitung-personenbezogener-Daten<\/a><\/li>\n<li><a href=\"https:\/\/www.afs-meppen.de\/wp-content\/uploads\/2023\/08\/Unsere-Instagram-Seite.pdf\">Unsere Instagram-Seite<\/a><\/li>\n<li><a href=\"https:\/\/www.afs-meppen.de\/wp-content\/uploads\/2022\/03\/Datenschutz-Videokonferenz.pdf\">Datenschutz Videokonferenz<\/a><\/li>\n<li><a href=\"https:\/\/www.afs-meppen.de\/wp-content\/uploads\/2022\/03\/Anton-Datenschutzinformationen.pdf\">Anton Datenschutzinformationen<\/a><\/li>\n<li><a href=\"https:\/\/www.afs-meppen.de\/wp-content\/uploads\/2024\/03\/Nutzungsvereinbarung-MS-365.pdf\">Nutzungsvereinbarung MS 365<\/a><\/li>\n<li><a href=\"https:\/\/www.afs-meppen.de\/wp-content\/uploads\/2024\/03\/Nutzungsvereinbarung-Webuntis.pdf\">Nutzungsvereinbarung Webuntis<\/a><\/li>\n<li><a href=\"https:\/\/www.afs-meppen.de\/wp-content\/uploads\/2024\/09\/Nutzungsvereinbarung-IServ-Sommer-2024-2.pdf\">Nutzungsvereinbarung IServ<\/a><\/li>\n<\/ul>\n<p><span style=\"text-decoration: underline;\">IServ:<\/span><\/p>\n<ul>\n<li><a href=\"https:\/\/www.afs-meppen.de\/wp-content\/uploads\/2023\/08\/IServ-Anleitung-fuer-Eltern-und-Schueler.pdf\">IServ Anleitung f\u00fcr Eltern und Sch\u00fcler<\/a><\/li>\n<li><a href=\"https:\/\/www.afs-meppen.de\/wp-content\/uploads\/2024\/08\/IServ_Schulplattform-Schnelleinstieg-Eltern.pdf\">IServ Schnelleinstieg f\u00fcr Eltern<\/a><\/li>\n<li><a href=\"https:\/\/www.afs-meppen.de\/wp-content\/uploads\/2024\/08\/IServ-Schulplattform-Schnelleinstieg-Schueler-innen.pdf\">IServ Schnelleinstieg f\u00fcr Sch\u00fcler-innen<\/a><\/li>\n<li><a href=\"https:\/\/www.afs-meppen.de\/wp-content\/uploads\/2023\/08\/Anleitung-Kurswahlen-1.pdf\">Anleitung Kurswahlen<\/a><\/li>\n<li><a href=\"https:\/\/www.afs-meppen.de\/wp-content\/uploads\/2024\/11\/Elternsprechtag-an-der-AFS-1.pdf\">Anleitung Elternsprechtag<\/a><\/li>\n<\/ul>\n<p><span style=\"text-decoration: underline;\">Sonstiges:<\/span><\/p>\n<ul>\n<li><a href=\"https:\/\/www.afs-meppen.de\/wp-content\/uploads\/2023\/09\/Rueckkehr-in-den-schulformbezogenen-Unterricht-Original-4.pptx\">Rueckkehr-in-den-schulformbezogenen-Unterricht<\/a><\/li>\n<li><a href=\"http:\/\/www.afs-meppen.de\/wp-content\/uploads\/2016\/04\/Masernschutz-Nachweis.pdf\">Masernschutz-Nachweis<\/a><\/li>\n<li><a href=\"http:\/\/www.afs-meppen.de\/wp-content\/uploads\/2016\/04\/Masern-Infos-1.pdf\">Masern-Informationen<\/a><\/li>\n<\/ul>\n","protected":false},"excerpt":{"rendered":"<p>Hier finden Sie Downloads zu den verschiedensten Themen rund um den Schulalltag. Klicken Sie auf einen Link um das Dokument in Ihrem Browser anzuzeigen. Wenn Sie das Dokument herunterladen m\u00f6chten, klicken Sie mit der rechten Maustaste auf den Link, und <a href=\"https:\/\/www.afs-meppen.de\/?page_id=27\" class=\"read-more\">Weiterlesen &#8230;<\/a><\/p>\n","protected":false},"author":1,"featured_media":0,"parent":0,"menu_order":0,"comment_status":"closed","ping_status":"closed","template":"","meta":[],"_links":{"self":[{"href":"https:\/\/www.afs-meppen.de\/index.php?rest_route=\/wp\/v2\/pages\/27"}],"collection":[{"href":"https:\/\/www.afs-meppen.de\/index.php?rest_route=\/wp\/v2\/pages"}],"about":[{"href":"https:\/\/www.afs-meppen.de\/index.php?rest_route=\/wp\/v2\/types\/page"}],"author":[{"embeddable":true,"href":"https:\/\/www.afs-meppen.de\/index.php?rest_route=\/wp\/v2\/users\/1"}],"replies":[{"embeddable":true,"href":"https:\/\/www.afs-meppen.de\/index.php?rest_route=%2Fwp%2Fv2%2Fcomments&post=27"}],"version-history":[{"count":37,"href":"https:\/\/www.afs-meppen.de\/index.php?rest_route=\/wp\/v2\/pages\/27\/revisions"}],"predecessor-version":[{"id":4090,"href":"https:\/\/www.afs-meppen.de\/index.php?rest_route=\/wp\/v2\/pages\/27\/revisions\/4090"}],"wp:attachment":[{"href":"https:\/\/www.afs-meppen.de\/index.php?rest_route=%2Fwp%2Fv2%2Fmedia&parent=27"}],"curies":[{"name":"wp","href":"https:\/\/api.w.org\/{rel}","templated":true}]}}