{"id":25,"date":"2016-04-05T14:51:11","date_gmt":"2016-04-05T12:51:11","guid":{"rendered":"http:\/\/www.afs-meppen.de\/?page_id=25"},"modified":"2025-06-24T11:29:02","modified_gmt":"2025-06-24T09:29:02","slug":"ags","status":"publish","type":"page","link":"https:\/\/www.afs-meppen.de\/?page_id=25","title":{"rendered":"AGs"},"content":{"rendered":"<p>Um viertel vor drei starten unsere AGs von Montag bis Donnerstag. Dabei k\u00f6nnen unsere Sch\u00fclerinnen und Sch\u00fcler, aber auch Kinder der Marienschule, sich beispielsweise kreativ oder sportlich austoben.\u00a0 Das Angebot ist dabei so vielf\u00e4ltig wie m\u00f6glich und einige unserer AGs sind schon seit Jahren gut besucht.<br \/>\nF\u00fcr die Organisation sind unsere Schulsozialarbeiterinnen zust\u00e4ndig. Bei Fragen oder Anregungen kann sie jederzeit helfen. Ausf\u00fchrliche Informationen zu den einzelnen Arbeitsgemeinschaften finden Sie in unserem Download-Bereich.<\/p>\n<p>&nbsp;<\/p>\n<p><img loading=\"lazy\" class=\"aligncenter size-full wp-image-4065\" src=\"https:\/\/www.afs-meppen.de\/wp-content\/uploads\/2025\/06\/Unbenannt.jpg\" alt=\"\" width=\"988\" height=\"322\" srcset=\"https:\/\/www.afs-meppen.de\/wp-content\/uploads\/2025\/06\/Unbenannt.jpg 988w, https:\/\/www.afs-meppen.de\/wp-content\/uploads\/2025\/06\/Unbenannt-300x98.jpg 300w, https:\/\/www.afs-meppen.de\/wp-content\/uploads\/2025\/06\/Unbenannt-768x250.jpg 768w, https:\/\/www.afs-meppen.de\/wp-content\/uploads\/2025\/06\/Unbenannt-360x117.jpg 360w\" sizes=\"(max-width: 988px) 100vw, 988px\" \/><\/p>\n<p>&nbsp;<\/p>\n<div id='gallery-1' class='gallery galleryid-25 gallery-columns-3 gallery-size-medium'><figure class='gallery-item'>\n\t\t\t<div class='gallery-icon landscape'>\n\t\t\t\t<a href='https:\/\/www.afs-meppen.de\/wp-content\/uploads\/2016\/04\/DSC04386.jpg' rel=\"lightbox[25]\"><img width=\"300\" height=\"200\" src=\"https:\/\/www.afs-meppen.de\/wp-content\/uploads\/2016\/04\/DSC04386-300x200.jpg\" class=\"attachment-medium size-medium\" alt=\"\" loading=\"lazy\" srcset=\"https:\/\/www.afs-meppen.de\/wp-content\/uploads\/2016\/04\/DSC04386-300x200.jpg 300w, https:\/\/www.afs-meppen.de\/wp-content\/uploads\/2016\/04\/DSC04386-768x511.jpg 768w, https:\/\/www.afs-meppen.de\/wp-content\/uploads\/2016\/04\/DSC04386-1024x681.jpg 1024w, https:\/\/www.afs-meppen.de\/wp-content\/uploads\/2016\/04\/DSC04386-360x240.jpg 360w, https:\/\/www.afs-meppen.de\/wp-content\/uploads\/2016\/04\/DSC04386.jpg 1082w\" sizes=\"(max-width: 300px) 100vw, 300px\" \/><\/a>\n\t\t\t<\/div><\/figure><figure class='gallery-item'>\n\t\t\t<div class='gallery-icon landscape'>\n\t\t\t\t<a href='https:\/\/www.afs-meppen.de\/wp-content\/uploads\/2016\/04\/DSC04384.jpg' rel=\"lightbox[25]\"><img width=\"300\" height=\"200\" src=\"https:\/\/www.afs-meppen.de\/wp-content\/uploads\/2016\/04\/DSC04384-300x200.jpg\" class=\"attachment-medium size-medium\" alt=\"\" loading=\"lazy\" srcset=\"https:\/\/www.afs-meppen.de\/wp-content\/uploads\/2016\/04\/DSC04384-300x200.jpg 300w, https:\/\/www.afs-meppen.de\/wp-content\/uploads\/2016\/04\/DSC04384-768x511.jpg 768w, https:\/\/www.afs-meppen.de\/wp-content\/uploads\/2016\/04\/DSC04384-1024x681.jpg 1024w, https:\/\/www.afs-meppen.de\/wp-content\/uploads\/2016\/04\/DSC04384-360x240.jpg 360w, https:\/\/www.afs-meppen.de\/wp-content\/uploads\/2016\/04\/DSC04384.jpg 1082w\" sizes=\"(max-width: 300px) 100vw, 300px\" \/><\/a>\n\t\t\t<\/div><\/figure><figure class='gallery-item'>\n\t\t\t<div class='gallery-icon landscape'>\n\t\t\t\t<a href='https:\/\/www.afs-meppen.de\/wp-content\/uploads\/2016\/04\/DSC04377.jpg' rel=\"lightbox[25]\"><img width=\"300\" height=\"200\" src=\"https:\/\/www.afs-meppen.de\/wp-content\/uploads\/2016\/04\/DSC04377-300x200.jpg\" class=\"attachment-medium size-medium\" alt=\"\" loading=\"lazy\" srcset=\"https:\/\/www.afs-meppen.de\/wp-content\/uploads\/2016\/04\/DSC04377-300x200.jpg 300w, https:\/\/www.afs-meppen.de\/wp-content\/uploads\/2016\/04\/DSC04377-768x511.jpg 768w, https:\/\/www.afs-meppen.de\/wp-content\/uploads\/2016\/04\/DSC04377-1024x681.jpg 1024w, https:\/\/www.afs-meppen.de\/wp-content\/uploads\/2016\/04\/DSC04377-360x240.jpg 360w, https:\/\/www.afs-meppen.de\/wp-content\/uploads\/2016\/04\/DSC04377.jpg 1082w\" sizes=\"(max-width: 300px) 100vw, 300px\" \/><\/a>\n\t\t\t<\/div><\/figure>\n\t\t<\/div>\n\n<p>&nbsp;<\/p>\n<div id='gallery-2' class='gallery galleryid-25 gallery-columns-3 gallery-size-medium'><figure class='gallery-item'>\n\t\t\t<div class='gallery-icon landscape'>\n\t\t\t\t<a href='https:\/\/www.afs-meppen.de\/?attachment_id=1582'><img width=\"300\" height=\"166\" src=\"https:\/\/www.afs-meppen.de\/wp-content\/uploads\/2016\/04\/Ikako_Partnerlogo2018_sRGB-300x166.png\" class=\"attachment-medium size-medium\" alt=\"\" loading=\"lazy\" srcset=\"https:\/\/www.afs-meppen.de\/wp-content\/uploads\/2016\/04\/Ikako_Partnerlogo2018_sRGB-300x166.png 300w, https:\/\/www.afs-meppen.de\/wp-content\/uploads\/2016\/04\/Ikako_Partnerlogo2018_sRGB-360x200.png 360w, https:\/\/www.afs-meppen.de\/wp-content\/uploads\/2016\/04\/Ikako_Partnerlogo2018_sRGB.png 510w\" sizes=\"(max-width: 300px) 100vw, 300px\" \/><\/a>\n\t\t\t<\/div><\/figure>\n\t\t<\/div>\n\n","protected":false},"excerpt":{"rendered":"<p>Um viertel vor drei starten unsere AGs von Montag bis Donnerstag. Dabei k\u00f6nnen unsere Sch\u00fclerinnen und Sch\u00fcler, aber auch Kinder der Marienschule, sich beispielsweise kreativ oder sportlich austoben.\u00a0 Das Angebot ist dabei so vielf\u00e4ltig wie m\u00f6glich und einige unserer AGs <a href=\"https:\/\/www.afs-meppen.de\/?page_id=25\" class=\"read-more\">Weiterlesen &#8230;<\/a><\/p>\n","protected":false},"author":1,"featured_media":0,"parent":19,"menu_order":0,"comment_status":"closed","ping_status":"closed","template":"","meta":[],"_links":{"self":[{"href":"https:\/\/www.afs-meppen.de\/index.php?rest_route=\/wp\/v2\/pages\/25"}],"collection":[{"href":"https:\/\/www.afs-meppen.de\/index.php?rest_route=\/wp\/v2\/pages"}],"about":[{"href":"https:\/\/www.afs-meppen.de\/index.php?rest_route=\/wp\/v2\/types\/page"}],"author":[{"embeddable":true,"href":"https:\/\/www.afs-meppen.de\/index.php?rest_route=\/wp\/v2\/users\/1"}],"replies":[{"embeddable":true,"href":"https:\/\/www.afs-meppen.de\/index.php?rest_route=%2Fwp%2Fv2%2Fcomments&post=25"}],"version-history":[{"count":6,"href":"https:\/\/www.afs-meppen.de\/index.php?rest_route=\/wp\/v2\/pages\/25\/revisions"}],"predecessor-version":[{"id":4067,"href":"https:\/\/www.afs-meppen.de\/index.php?rest_route=\/wp\/v2\/pages\/25\/revisions\/4067"}],"up":[{"embeddable":true,"href":"https:\/\/www.afs-meppen.de\/index.php?rest_route=\/wp\/v2\/pages\/19"}],"wp:attachment":[{"href":"https:\/\/www.afs-meppen.de\/index.php?rest_route=%2Fwp%2Fv2%2Fmedia&parent=25"}],"curies":[{"name":"wp","href":"https:\/\/api.w.org\/{rel}","templated":true}]}}