{"id":23,"date":"2016-04-05T14:51:03","date_gmt":"2016-04-05T12:51:03","guid":{"rendered":"http:\/\/www.afs-meppen.de\/?page_id=23"},"modified":"2016-08-28T11:24:35","modified_gmt":"2016-08-28T09:24:35","slug":"ha-betreuung","status":"publish","type":"page","link":"https:\/\/www.afs-meppen.de\/?page_id=23","title":{"rendered":"HA-Betreuung"},"content":{"rendered":"<p><a href=\"http:\/\/www.afs-meppen.de\/wp-content\/uploads\/2016\/04\/IMG_7547.jpg\" rel=\"lightbox[23]\"><img loading=\"lazy\" class=\"size-medium wp-image-214 alignleft\" src=\"http:\/\/www.afs-meppen.de\/wp-content\/uploads\/2016\/04\/IMG_7547-300x200.jpg\" alt=\"IMG_7547\" width=\"300\" height=\"200\" srcset=\"https:\/\/www.afs-meppen.de\/wp-content\/uploads\/2016\/04\/IMG_7547-300x200.jpg 300w, https:\/\/www.afs-meppen.de\/wp-content\/uploads\/2016\/04\/IMG_7547-768x512.jpg 768w, https:\/\/www.afs-meppen.de\/wp-content\/uploads\/2016\/04\/IMG_7547-1024x683.jpg 1024w, https:\/\/www.afs-meppen.de\/wp-content\/uploads\/2016\/04\/IMG_7547-360x240.jpg 360w, https:\/\/www.afs-meppen.de\/wp-content\/uploads\/2016\/04\/IMG_7547.jpg 1080w\" sizes=\"(max-width: 300px) 100vw, 300px\" \/><\/a>Um zu gew\u00e4hrleisten, dass die Hausaufgaben unserer Sch\u00fclerinnen und Sch\u00fcler trotz AG nicht zu kurz kommen, bieten wir eine Hausaufgaben-Betreuung an, die man nat\u00fcrlich auch ohne die Teilnahme an einer AG besuchen kann. Dabei wird in einer ruhigen Atmosph\u00e4re gew\u00e4hrleistet, damit alle konzentriert arbeiten k\u00f6nnen. Bei Fragen oder Unklarheiten k\u00f6nnen die Sch\u00fclerinnen und Sch\u00fcler dabei auf die Hilfe der Betreuer oder auch ihrer Mitsch\u00fcler z\u00e4hlen.<\/p>\n<p><strong>Zeiten der Hausaufgabenbetreuung:<\/strong><\/p>\n<p>Montag bis Donnerstag<br \/>\nvon 14:00 \u2013 14:45 Uhr<br \/>\nHausaufgabenr\u00e4ume<\/p>\n","protected":false},"excerpt":{"rendered":"<p>Um zu gew\u00e4hrleisten, dass die Hausaufgaben unserer Sch\u00fclerinnen und Sch\u00fcler trotz AG nicht zu kurz kommen, bieten wir eine Hausaufgaben-Betreuung an, die man nat\u00fcrlich auch ohne die Teilnahme an einer AG besuchen kann. Dabei wird in einer ruhigen Atmosph\u00e4re gew\u00e4hrleistet, <a href=\"https:\/\/www.afs-meppen.de\/?page_id=23\" class=\"read-more\">Weiterlesen &#8230;<\/a><\/p>\n","protected":false},"author":1,"featured_media":0,"parent":19,"menu_order":0,"comment_status":"closed","ping_status":"closed","template":"","meta":[],"_links":{"self":[{"href":"https:\/\/www.afs-meppen.de\/index.php?rest_route=\/wp\/v2\/pages\/23"}],"collection":[{"href":"https:\/\/www.afs-meppen.de\/index.php?rest_route=\/wp\/v2\/pages"}],"about":[{"href":"https:\/\/www.afs-meppen.de\/index.php?rest_route=\/wp\/v2\/types\/page"}],"author":[{"embeddable":true,"href":"https:\/\/www.afs-meppen.de\/index.php?rest_route=\/wp\/v2\/users\/1"}],"replies":[{"embeddable":true,"href":"https:\/\/www.afs-meppen.de\/index.php?rest_route=%2Fwp%2Fv2%2Fcomments&post=23"}],"version-history":[{"count":0,"href":"https:\/\/www.afs-meppen.de\/index.php?rest_route=\/wp\/v2\/pages\/23\/revisions"}],"up":[{"embeddable":true,"href":"https:\/\/www.afs-meppen.de\/index.php?rest_route=\/wp\/v2\/pages\/19"}],"wp:attachment":[{"href":"https:\/\/www.afs-meppen.de\/index.php?rest_route=%2Fwp%2Fv2%2Fmedia&parent=23"}],"curies":[{"name":"wp","href":"https:\/\/api.w.org\/{rel}","templated":true}]}}