{"id":174,"date":"2016-05-17T18:18:32","date_gmt":"2016-05-17T16:18:32","guid":{"rendered":"http:\/\/www.afs-meppen.de\/?page_id=174"},"modified":"2017-11-12T21:16:53","modified_gmt":"2017-11-12T20:16:53","slug":"unser-foerderkreis","status":"publish","type":"page","link":"https:\/\/www.afs-meppen.de\/?page_id=174","title":{"rendered":"Unser F\u00f6rderkreis"},"content":{"rendered":"<p>Der F\u00f6rderkreis ist ein Verein von Eltern, Lehrern und Ehemaligen. Er finanziert sich haupts\u00e4chlich aus Mitgliedsbeitr\u00e4gen und Spenden. Mit diesen Geldern helfen wir bei der Umsetzung und Verwirklichung von Projekten und Aktionen, f\u00fcr die der Schule keine ausreichenden Haushaltsmittel zur Verf\u00fcgung stehen. Wir f\u00f6rdern u.a.<\/p>\n<ul>\n<li>Klassen- und Sch\u00fcleraustauschfahrten<\/li>\n<\/ul>\n<ul>\n<li>Projekttage und Bundesjugendspiele<\/li>\n<\/ul>\n<ul>\n<li>Pausenhof- und Schulhofgestaltung<\/li>\n<\/ul>\n<ul>\n<li>SV Arbeit<\/li>\n<\/ul>\n<ul>\n<li>Anschaffung von Zusatzmaterialien wie z.B. der Zukunftsordner<\/li>\n<\/ul>\n<ul>\n<li>Schulb\u00fccherei, Spiele und Sportger\u00e4tschaften<\/li>\n<\/ul>\n<p>&nbsp;<\/p>\n<p>Bitte denken Sie daran: Nur zusammen k\u00f6nnen wir was erreichen! Engagement und Anregungen sind jederzeit gern gesehen.<\/p>\n<p>Wir freuen uns \u00fcber jedes neue Mitglied. Unsere Beitrittserkl\u00e4rung und unseren Flyer finden Sie <a href=\"http:\/\/www.afs-meppen.de\/?page_id=27\"><u>hier<\/u><\/a>.<\/p>\n","protected":false},"excerpt":{"rendered":"<p>Der F\u00f6rderkreis ist ein Verein von Eltern, Lehrern und Ehemaligen. Er finanziert sich haupts\u00e4chlich aus Mitgliedsbeitr\u00e4gen und Spenden. Mit diesen Geldern helfen wir bei der Umsetzung und Verwirklichung von Projekten und Aktionen, f\u00fcr die der Schule keine ausreichenden Haushaltsmittel zur <a href=\"https:\/\/www.afs-meppen.de\/?page_id=174\" class=\"read-more\">Weiterlesen &#8230;<\/a><\/p>\n","protected":false},"author":1,"featured_media":0,"parent":9,"menu_order":0,"comment_status":"closed","ping_status":"closed","template":"","meta":[],"_links":{"self":[{"href":"https:\/\/www.afs-meppen.de\/index.php?rest_route=\/wp\/v2\/pages\/174"}],"collection":[{"href":"https:\/\/www.afs-meppen.de\/index.php?rest_route=\/wp\/v2\/pages"}],"about":[{"href":"https:\/\/www.afs-meppen.de\/index.php?rest_route=\/wp\/v2\/types\/page"}],"author":[{"embeddable":true,"href":"https:\/\/www.afs-meppen.de\/index.php?rest_route=\/wp\/v2\/users\/1"}],"replies":[{"embeddable":true,"href":"https:\/\/www.afs-meppen.de\/index.php?rest_route=%2Fwp%2Fv2%2Fcomments&post=174"}],"version-history":[{"count":0,"href":"https:\/\/www.afs-meppen.de\/index.php?rest_route=\/wp\/v2\/pages\/174\/revisions"}],"up":[{"embeddable":true,"href":"https:\/\/www.afs-meppen.de\/index.php?rest_route=\/wp\/v2\/pages\/9"}],"wp:attachment":[{"href":"https:\/\/www.afs-meppen.de\/index.php?rest_route=%2Fwp%2Fv2%2Fmedia&parent=174"}],"curies":[{"name":"wp","href":"https:\/\/api.w.org\/{rel}","templated":true}]}}