{"id":15,"date":"2016-04-05T14:50:29","date_gmt":"2016-04-05T12:50:29","guid":{"rendered":"http:\/\/www.afs-meppen.de\/?page_id=15"},"modified":"2023-09-25T15:17:20","modified_gmt":"2023-09-25T13:17:20","slug":"geschichte","status":"publish","type":"page","link":"https:\/\/www.afs-meppen.de\/?page_id=15","title":{"rendered":"Chronik"},"content":{"rendered":"<h3><strong>Geschichte der Anne-Frank-Oberschule<\/strong><\/h3>\n<p><strong>Die Anf\u00e4nge<\/strong><\/p>\n<p><a href=\"http:\/\/www.afs-meppen.de\/wp-content\/uploads\/2016\/04\/Schulgeb\u00e4ude-1977-Luftaufnahme.jpg\" rel=\"lightbox[15]\"><img loading=\"lazy\" class=\"size-medium wp-image-183 alignleft\" src=\"http:\/\/www.afs-meppen.de\/wp-content\/uploads\/2016\/04\/Schulgeb\u00e4ude-1977-Luftaufnahme-300x189.jpg\" alt=\"Schulgeb\u00e4ude 1977 Luftaufnahme\" width=\"300\" height=\"189\" srcset=\"https:\/\/www.afs-meppen.de\/wp-content\/uploads\/2016\/04\/Schulgeb\u00e4ude-1977-Luftaufnahme-300x189.jpg 300w, https:\/\/www.afs-meppen.de\/wp-content\/uploads\/2016\/04\/Schulgeb\u00e4ude-1977-Luftaufnahme-768x483.jpg 768w, https:\/\/www.afs-meppen.de\/wp-content\/uploads\/2016\/04\/Schulgeb\u00e4ude-1977-Luftaufnahme-1024x644.jpg 1024w, https:\/\/www.afs-meppen.de\/wp-content\/uploads\/2016\/04\/Schulgeb\u00e4ude-1977-Luftaufnahme-360x227.jpg 360w, https:\/\/www.afs-meppen.de\/wp-content\/uploads\/2016\/04\/Schulgeb\u00e4ude-1977-Luftaufnahme.jpg 1144w\" sizes=\"(max-width: 300px) 100vw, 300px\" \/><\/a>Zu Beginn der 70er Jahre wurde in Esterfeld ein gro\u00dfes Neubaugebiet ausgewiesen. Das hatte zu Folge, dass die Sch\u00fclerzahlen stark anstiegen. Da die Marienschule als Grund- und Hauptschule zu klein wurde, war eine neue Schule erforderlich.<\/p>\n<p>Am 1.8.1976 begann mit den sieben Klassen des 5. Schuljahrgangs die Geschichte der Orientierungsstufe in Esterfeld. Gleichzeitig wurden noch die sieben Klassen der Hauptschule der Marienschule hier untergebracht. Insgesamt wurden also 421 Sch\u00fclerinnen und Sch\u00fcler in 14 Klassen von 18 Lehrkr\u00e4ften unterrichtet. Die Schule gab sich den Namen \u201eSchule Esterfeld\u201c. Rektor wurde Theo Mayhaus. Ein Jahr sp\u00e4ter kam der neue 5. Jahrgang in die OS. Die Hauptschuljahrg\u00e4nge aus Esterfeld wurden zur HS Emslage gefahren, da dort Klassenr\u00e4ume zur Verf\u00fcgung standen. Nachfolger von Theo Mayhaus wurde Klaus Sojka.<\/p>\n<p>Durch die allgemeine Abnahme der Sch\u00fclerzahlen sowohl an der HS Emslage als auch an der OS Esterfeld bot es sich an, in der Mitte der achtziger Jahre beide bis dahin selbstst\u00e4ndigen Schulen zu einem System zu vereinen. Die Stadt Meppen beschloss, die HS Emslage aufzugeben. Die Schule Esterfeld wurde um eine Schulk\u00fcche mit Essraum und um zwei Klassenr\u00e4ume erweitert. Zudem wurde die schon geplante Sporthalle fertiggestellt und der Pausenhof vergr\u00f6\u00dfert und umgestaltet.<\/p>\n<p>Mit Beginn des Schuljahres 1986\/87 war der Umzug vollendet und die Schule arbeitete k\u00fcnftig mit einer Orientierungsstufe und einer Hauptschule unter einem Dach und einer Schulleitung. Im gleichen Jahr gab sich die Schule den Namen Anne-Frank-Schule. Das Schicksal des j\u00fcdischen M\u00e4dchens Anne Frank pr\u00e4gt p\u00e4dagogische Grundpositionen und fordert verantwortungsbewusstes Denken und Handeln. Erster Rektor der Anne-Frank-Schule wurde Willibald B\u00fcter.<\/p>\n<p><a href=\"http:\/\/www.afs-meppen.de\/wp-content\/uploads\/2016\/04\/Schulgeb\u00e4ude-1986.jpg\" rel=\"lightbox[15]\"><img loading=\"lazy\" class=\"size-medium wp-image-184 alignleft\" src=\"http:\/\/www.afs-meppen.de\/wp-content\/uploads\/2016\/04\/Schulgeb\u00e4ude-1986-300x202.jpg\" alt=\"Schulgeb\u00e4ude 1986\" width=\"300\" height=\"202\" srcset=\"https:\/\/www.afs-meppen.de\/wp-content\/uploads\/2016\/04\/Schulgeb\u00e4ude-1986-300x202.jpg 300w, https:\/\/www.afs-meppen.de\/wp-content\/uploads\/2016\/04\/Schulgeb\u00e4ude-1986.jpg 768w, https:\/\/www.afs-meppen.de\/wp-content\/uploads\/2016\/04\/Schulgeb\u00e4ude-1986-360x242.jpg 360w\" sizes=\"(max-width: 300px) 100vw, 300px\" \/><\/a>Im Jahre 1990 \u00fcbernahm Norbert L\u00fchrmann als neuer Rektor die Leitung der Anne-Frank-Schule. Schule unterliegt einem st\u00e4ndigen Wandel. So wurde 1994 die Klasse 10H eingef\u00fchrt, um den Hauptsch\u00fclern die M\u00f6glichkeit zu er\u00f6ffnen, den Realschulabschluss zu erwerben.<\/p>\n<p><strong>Ab dem Jahr 2001<\/strong><\/p>\n<p>Im Jahre 2001 konnte die Anne-Frank-Schule ihr 25j\u00e4hriges Bestehen feiern. In 15 Klassen wurden 331 Sch\u00fcler unterrichtet, zwei Jahre sp\u00e4ter waren es 384 Sch\u00fcler in 14 Klassen.<\/p>\n<p>Im Dezember 2003 stellte die Schule den Antrag auf Umwandlung in eine Ganztagsschule. Daraufhin besuchte der damalige Kultusminister Busemann die Anne-Frank-Schule und zum 1.8.2004 konnte mit dem offenen Ganztagsangebot begonnen werden.<\/p>\n<p>Mit Abschluss des Schuljahres 2003\/04 endete auch die Geschichte der Orientierungsstufe. Nach heftigen Diskussionen im Stadtrat, in den betroffenen Schulen und auch in der \u00d6ffentlichkeit wurde entschieden, die st\u00e4dtische Freiherr-vom-Stein-Realschule zu schlie\u00dfen und den beiden st\u00e4dtischen Hauptschulen (Kardinal-von-Galen-Schule in der Neustadt und Anne-Frank-Schule in Esterfeld) einen Realschulzweig anzugliedern.<\/p>\n<p>Damit einher ging auch die Diskussion \u00fcber einen notwendigen Anbau, da zwei Klassen in Containern untergebracht waren und auch Fach\u00fcbungsr\u00e4ume als Klassenr\u00e4ume benutzt werden mussten. Im Jahre 2006 konnte der Erweiterungsbau eingeweiht werden. Die Schule verf\u00fcgte nun \u00fcber eine moderne K\u00fcche mit einem entsprechend gro\u00dfen Essraum. Eine eigene K\u00f6chin versorgte nun die Sch\u00fcler mit einem schmackhaften Mittagessen.<\/p>\n<p>Doch kaum gebaut war die Schule schon wieder zu klein. Zum 1. 8. 2006 besuchten 365 Sch\u00fcler in 18 Klassen die Anne-Frank-Schule. Zwei Klassen wurden in Containern unterrichtet und drei Fachr\u00e4ume wurden als Klassenr\u00e4ume benutzt. Einen Lichtblick gab es dennoch, denn mit Martina Kannegie\u00dfer wurde eine Sozialp\u00e4dagogin eingestellt, die sich einerseits um die Profilierung der Hauptschule und andererseits um das Ganztagsangebot k\u00fcmmert.<\/p>\n<p>Im Mai 2008 begannen wiedermals die Planungen f\u00fcr die Erweiterung der Verwaltung und der Schulr\u00e4ume. Beide Bauvorhaben wurden z\u00fcgig verwirklicht.<\/p>\n<p>Die Anne-Frank-Schule wurde im Jahr 2008 eine Haupt- und Realschule mit offenem Ganztagsangebot. Die Schule hatte zu der Zeit 21 Klassen mit insgesamt 422 Sch\u00fclern. Die Hauptschule war bis auf die Klassen 5, 8 und 10 zweiz\u00fcgig, die Realschule war durchg\u00e4ngig zweiz\u00fcgig. Im Schuljahr 2011\/2012 hatte die Schule 20 Klassen mit insgesamt 400 Sch\u00fclern.<\/p>\n<p>2010 \u00fcbernimmt Annette Guba die Schulleitung der Anne Frank Schule. Stefan Lilge wird neuer Konrektor. Die Sozialp\u00e4dagogin, Frau Caroline Meyer, wird Nachfolgerin von Frau Kannegie\u00dfer.<\/p>\n<p>Neben unserer Schule befindet sich eine Turnhalle, die doppelt belegt werden kann (Zweifachhalle). Gegen\u00fcber der Schule liegt der Sportplatz des SV Union Meppens, der \u00fcber mehrere Fu\u00dfballpl\u00e4tze, eine Aschebahn sowie eine Weitsprunganlage verf\u00fcgt.<\/p>\n<p>Nach der Fertigstellung des Neubaus hat sich die Raumfrage gel\u00f6st. Es stehen nun f\u00fcnf weitere Klassen- oder Fachr\u00e4ume zur Verf\u00fcgung. Nach dieser Bauma\u00dfnahme erfolgte die Gestaltung des Schulhofs. Hier wirkte eine Gruppe mit Sch\u00fclern, Eltern und Lehrern einfallsreich mit.<\/p>\n<p><a href=\"http:\/\/www.afs-meppen.de\/wp-content\/uploads\/2016\/04\/Schulgeb\u00e4ude_aktuell.jpg\" rel=\"lightbox[15]\"><img loading=\"lazy\" class=\"size-medium wp-image-182 alignleft\" src=\"http:\/\/www.afs-meppen.de\/wp-content\/uploads\/2016\/04\/Schulgeb\u00e4ude_aktuell-300x177.jpg\" alt=\"Schulgeb\u00e4ude_aktuell\" width=\"300\" height=\"177\" srcset=\"https:\/\/www.afs-meppen.de\/wp-content\/uploads\/2016\/04\/Schulgeb\u00e4ude_aktuell-300x177.jpg 300w, https:\/\/www.afs-meppen.de\/wp-content\/uploads\/2016\/04\/Schulgeb\u00e4ude_aktuell-768x453.jpg 768w, https:\/\/www.afs-meppen.de\/wp-content\/uploads\/2016\/04\/Schulgeb\u00e4ude_aktuell-1024x604.jpg 1024w, https:\/\/www.afs-meppen.de\/wp-content\/uploads\/2016\/04\/Schulgeb\u00e4ude_aktuell-360x212.jpg 360w, https:\/\/www.afs-meppen.de\/wp-content\/uploads\/2016\/04\/Schulgeb\u00e4ude_aktuell.jpg 1221w\" sizes=\"(max-width: 300px) 100vw, 300px\" \/><\/a>Das Kollegium besteht 2011 aus 33 Lehrerinnen und Lehrern. Weitere Mitarbeiter der Schule sind der Hausmeister Willi Moorkamp, der Schulassistent Marco Fehr, die Sekret\u00e4rin Anne Mebben, die Sozialp\u00e4dagoginen Caroline Meyer und Franziska Frank, sowie die\u00a0 K\u00f6chin Mechtild Ehrnst sowie die Raumpflegerinnen.<\/p>\n<p>&nbsp;<\/p>\n<p><strong>Oberschule Anne Frank ab dem Schuljahr 2012\/13<\/strong><\/p>\n<p>Im Schuljahr 2012\/13 wird die Oberschule an der Anne Frank Schule\u00a0 eingef\u00fchrt. Dies bedeutet, dass die Klassen 5 bis 8 jahrgangsbezogen unterrichtet werden und ab der Klasse 9 die Sch\u00fclerinnen und Sch\u00fcler schulformbezogen unterrichtet werden. Im zweiten Halbjahr eines Schuljahres werden die Klassen 5 der Oberschule in den F\u00e4chern Mathematik und Englisch in sogenannte \u201eG\u201c-Kursen (grundlegende Anforderungen) und \u201eE\u201c-Kursen (erweiterte Anforderungen) geteilt. Das Fach Deutsch wird ab der Klasse 7 in Kursen unterrichtet. Mit der Einf\u00fchrung der Oberschule ist 2012 an der Anne Frank Schule auch eine Stelle \u201eDidaktische Leitung\u201c zur Unterst\u00fctzung eingerichtet worden. Diese Stelle hat Martin Tecklenburg bis zu seiner Pension 2020 \u00fcbernommen. Seit 2021 \u00fcbt Frau Ann-Kathrin Topp diesen Job aus.<\/p>\n<p>Derzeit unterrichten an der Anne-Frank-Schule ca. 35 Lehrerinnen und Lehrer, zwei F\u00f6rderschullehrkr\u00e4fte und einige Abordnungen anderer Schulen. Diese werden unterst\u00fctzt von unserem Hausmeister Herr Ahrens, unserer Schulsekret\u00e4rin Frau L\u00e4ngert, dem Schulassistenten Herrn Fehr, unserer K\u00f6chin Frau Engeler und unserer Schulsozialarbeiterinnen Frau Schr\u00f6der und Frau Bergmann. Zur Zeit arbeitet auch Frau Hockmann als Schulsozialarbeiterin an unserer Schule.<\/p>\n<p>Am 1. Juli 2022 ging Frau Annette Guba in den wohlverdienten Ruhestand und Herr Claus Huth war im ersten Halbjahr des Schuljahres 2022\/2023 Schulleiter der Anne-Frank-Schule. Seit Sommer 2023 ist Herr Jan Berger der Schulleiter der Anne-Frank-Schule.<\/p>\n","protected":false},"excerpt":{"rendered":"<p>Geschichte der Anne-Frank-Oberschule Die Anf\u00e4nge Zu Beginn der 70er Jahre wurde in Esterfeld ein gro\u00dfes Neubaugebiet ausgewiesen. Das hatte zu Folge, dass die Sch\u00fclerzahlen stark anstiegen. Da die Marienschule als Grund- und Hauptschule zu klein wurde, war eine neue Schule <a href=\"https:\/\/www.afs-meppen.de\/?page_id=15\" class=\"read-more\">Weiterlesen &#8230;<\/a><\/p>\n","protected":false},"author":1,"featured_media":0,"parent":9,"menu_order":0,"comment_status":"closed","ping_status":"closed","template":"","meta":[],"_links":{"self":[{"href":"https:\/\/www.afs-meppen.de\/index.php?rest_route=\/wp\/v2\/pages\/15"}],"collection":[{"href":"https:\/\/www.afs-meppen.de\/index.php?rest_route=\/wp\/v2\/pages"}],"about":[{"href":"https:\/\/www.afs-meppen.de\/index.php?rest_route=\/wp\/v2\/types\/page"}],"author":[{"embeddable":true,"href":"https:\/\/www.afs-meppen.de\/index.php?rest_route=\/wp\/v2\/users\/1"}],"replies":[{"embeddable":true,"href":"https:\/\/www.afs-meppen.de\/index.php?rest_route=%2Fwp%2Fv2%2Fcomments&post=15"}],"version-history":[{"count":3,"href":"https:\/\/www.afs-meppen.de\/index.php?rest_route=\/wp\/v2\/pages\/15\/revisions"}],"predecessor-version":[{"id":3648,"href":"https:\/\/www.afs-meppen.de\/index.php?rest_route=\/wp\/v2\/pages\/15\/revisions\/3648"}],"up":[{"embeddable":true,"href":"https:\/\/www.afs-meppen.de\/index.php?rest_route=\/wp\/v2\/pages\/9"}],"wp:attachment":[{"href":"https:\/\/www.afs-meppen.de\/index.php?rest_route=%2Fwp%2Fv2%2Fmedia&parent=15"}],"curies":[{"name":"wp","href":"https:\/\/api.w.org\/{rel}","templated":true}]}}